{"id":357,"date":"2020-03-03T09:20:34","date_gmt":"2020-03-03T08:20:34","guid":{"rendered":"http:\/\/trisys.lu\/?page_id=357"},"modified":"2022-07-19T15:14:32","modified_gmt":"2022-07-19T13:14:32","slug":"accueil","status":"publish","type":"page","link":"https:\/\/www.trisys.lu\/fr\/","title":{"rendered":"Accueil"},"content":{"rendered":"[vc_row type=\u00a0\u00bbfull_width_background\u00a0\u00bb full_screen_row_position=\u00a0\u00bbmiddle\u00a0\u00bb bg_image=\u00a0\u00bb157&Prime; bg_position=\u00a0\u00bbleft center\u00a0\u00bb bg_repeat=\u00a0\u00bbno-repeat\u00a0\u00bb scene_position=\u00a0\u00bbcenter\u00a0\u00bb video_bg=\u00a0\u00bbuse_video\u00a0\u00bb video_webm=\u00a0\u00bbhttps:\/\/trisys.lu\/video\/TRISYS-Your-security-is-our-passion.webm\u00a0\u00bb video_mp4=\u00a0\u00bbhttps:\/\/trisys.lu\/video\/TRISYS-Your-security-is-our-passion.mp4&Prime; video_image=\u00a0\u00bb157&Prime; text_color=\u00a0\u00bblight\u00a0\u00bb text_align=\u00a0\u00bbleft\u00a0\u00bb color_overlay=\u00a0\u00bb#000000&Prime; overlay_strength=\u00a0\u00bb0.5&Prime; enable_shape_divider=\u00a0\u00bbtrue\u00a0\u00bb shape_divider_color=\u00a0\u00bb#ffffff\u00a0\u00bb shape_divider_position=\u00a0\u00bbbottom\u00a0\u00bb shape_divider_height=\u00a0\u00bb200&Prime; shape_divider_bring_to_front=\u00a0\u00bbtrue\u00a0\u00bb bg_image_animation=\u00a0\u00bbnone\u00a0\u00bb shape_type=\u00a0\u00bbtilt_alt\u00a0\u00bb][vc_column column_padding=\u00a0\u00bbpadding-17-percent\u00a0\u00bb column_padding_position=\u00a0\u00bbtop-bottom\u00a0\u00bb background_color_opacity=\u00a0\u00bb1&Prime; background_hover_color_opacity=\u00a0\u00bb1&Prime; column_link_target=\u00a0\u00bb_self\u00a0\u00bb column_shadow=\u00a0\u00bbnone\u00a0\u00bb column_border_radius=\u00a0\u00bbnone\u00a0\u00bb width=\u00a0\u00bb1\/1&Prime; tablet_width_inherit=\u00a0\u00bbdefault\u00a0\u00bb tablet_text_alignment=\u00a0\u00bbdefault\u00a0\u00bb phone_text_alignment=\u00a0\u00bbdefault\u00a0\u00bb column_border_width=\u00a0\u00bbnone\u00a0\u00bb column_border_style=\u00a0\u00bbsolid\u00a0\u00bb bg_image_animation=\u00a0\u00bbnone\u00a0\u00bb][divider line_type=\u00a0\u00bbNo Line\u00a0\u00bb custom_height=\u00a0\u00bb50&Prime;][vc_column_text]\n<h2 style=\"text-align: right;\">Your<\/h2>\n<h1 style=\"text-align: right;\">SECURITY<\/h1>\n<h2 style=\"text-align: right;\">IS OUR PASSION<\/h2>\n[\/vc_column_text][divider line_type=\u00a0\u00bbNo Line\u00a0\u00bb custom_height=\u00a0\u00bb50&Prime;][\/vc_column][\/vc_row][vc_row type=\u00a0\u00bbin_container\u00a0\u00bb full_screen_row_position=\u00a0\u00bbmiddle\u00a0\u00bb equal_height=\u00a0\u00bbyes\u00a0\u00bb content_placement=\u00a0\u00bbmiddle\u00a0\u00bb scene_position=\u00a0\u00bbcenter\u00a0\u00bb text_color=\u00a0\u00bbdark\u00a0\u00bb text_align=\u00a0\u00bbleft\u00a0\u00bb zindex=\u00a0\u00bb999999&Prime; overlay_strength=\u00a0\u00bb0.3&Prime; shape_divider_position=\u00a0\u00bbbottom\u00a0\u00bb bg_image_animation=\u00a0\u00bbnone\u00a0\u00bb shape_type=\u00a0\u00bb\u00a0\u00bb][vc_column column_padding=\u00a0\u00bbno-extra-padding\u00a0\u00bb column_padding_position=\u00a0\u00bball\u00a0\u00bb background_color_opacity=\u00a0\u00bb1&Prime; background_hover_color_opacity=\u00a0\u00bb1&Prime; column_link_target=\u00a0\u00bb_self\u00a0\u00bb column_shadow=\u00a0\u00bbnone\u00a0\u00bb column_border_radius=\u00a0\u00bbnone\u00a0\u00bb width=\u00a0\u00bb3\/6&Prime; tablet_width_inherit=\u00a0\u00bbdefault\u00a0\u00bb tablet_text_alignment=\u00a0\u00bbdefault\u00a0\u00bb phone_text_alignment=\u00a0\u00bbdefault\u00a0\u00bb column_border_width=\u00a0\u00bbnone\u00a0\u00bb column_border_style=\u00a0\u00bbsolid\u00a0\u00bb bg_image_animation=\u00a0\u00bbnone\u00a0\u00bb][divider line_type=\u00a0\u00bbFull Width Line\u00a0\u00bb line_thickness=\u00a0\u00bb2&Prime; divider_color=\u00a0\u00bbextra-color-1&Prime; animate=\u00a0\u00bbyes\u00a0\u00bb][\/vc_column][vc_column column_padding=\u00a0\u00bbno-extra-padding\u00a0\u00bb column_padding_position=\u00a0\u00bball\u00a0\u00bb background_color_opacity=\u00a0\u00bb1&Prime; background_hover_color_opacity=\u00a0\u00bb1&Prime; column_link_target=\u00a0\u00bb_self\u00a0\u00bb column_shadow=\u00a0\u00bbnone\u00a0\u00bb column_border_radius=\u00a0\u00bbnone\u00a0\u00bb width=\u00a0\u00bb1\/6&Prime; tablet_width_inherit=\u00a0\u00bbdefault\u00a0\u00bb tablet_text_alignment=\u00a0\u00bbdefault\u00a0\u00bb phone_text_alignment=\u00a0\u00bbdefault\u00a0\u00bb column_border_width=\u00a0\u00bbnone\u00a0\u00bb column_border_style=\u00a0\u00bbsolid\u00a0\u00bb bg_image_animation=\u00a0\u00bbnone\u00a0\u00bb][image_with_animation image_url=\u00a0\u00bb48&Prime; alignment=\u00a0\u00bb\u00a0\u00bb animation=\u00a0\u00bbGrow In\u00a0\u00bb border_radius=\u00a0\u00bbnone\u00a0\u00bb box_shadow=\u00a0\u00bbnone\u00a0\u00bb max_width=\u00a0\u00bb75%\u00a0\u00bb delay=\u00a0\u00bb750&Prime;][\/vc_column][vc_column column_padding=\u00a0\u00bbno-extra-padding\u00a0\u00bb column_padding_position=\u00a0\u00bball\u00a0\u00bb background_color_opacity=\u00a0\u00bb1&Prime; background_hover_color_opacity=\u00a0\u00bb1&Prime; column_link_target=\u00a0\u00bb_self\u00a0\u00bb column_shadow=\u00a0\u00bbnone\u00a0\u00bb column_border_radius=\u00a0\u00bbnone\u00a0\u00bb width=\u00a0\u00bb2\/6&Prime; tablet_width_inherit=\u00a0\u00bbdefault\u00a0\u00bb tablet_text_alignment=\u00a0\u00bbdefault\u00a0\u00bb phone_text_alignment=\u00a0\u00bbdefault\u00a0\u00bb column_border_width=\u00a0\u00bbnone\u00a0\u00bb column_border_style=\u00a0\u00bbsolid\u00a0\u00bb bg_image_animation=\u00a0\u00bbnone\u00a0\u00bb enable_animation=\u00a0\u00bbtrue\u00a0\u00bb animation=\u00a0\u00bbreveal-from-left\u00a0\u00bb delay=\u00a0\u00bb1250&Prime;][vc_column_text]\n<h2>Votre sp\u00e9cialiste pour<\/h2>\n[\/vc_column_text][\/vc_column][\/vc_row][vc_row type=\u00a0\u00bbfull_width_background\u00a0\u00bb full_screen_row_position=\u00a0\u00bbmiddle\u00a0\u00bb scene_position=\u00a0\u00bbcenter\u00a0\u00bb text_color=\u00a0\u00bbdark\u00a0\u00bb text_align=\u00a0\u00bbleft\u00a0\u00bb top_padding=\u00a0\u00bb1%\u00a0\u00bb bottom_padding=\u00a0\u00bb5%\u00a0\u00bb overlay_strength=\u00a0\u00bb0.3&Prime; shape_divider_position=\u00a0\u00bbbottom\u00a0\u00bb bg_image_animation=\u00a0\u00bbnone\u00a0\u00bb shape_type=\u00a0\u00bb\u00a0\u00bb][vc_column column_padding=\u00a0\u00bbno-extra-padding\u00a0\u00bb column_padding_position=\u00a0\u00bball\u00a0\u00bb background_color_opacity=\u00a0\u00bb1&Prime; background_hover_color_opacity=\u00a0\u00bb1&Prime; column_link_target=\u00a0\u00bb_self\u00a0\u00bb column_shadow=\u00a0\u00bbnone\u00a0\u00bb column_border_radius=\u00a0\u00bbnone\u00a0\u00bb width=\u00a0\u00bb1\/1&Prime; tablet_width_inherit=\u00a0\u00bbdefault\u00a0\u00bb tablet_text_alignment=\u00a0\u00bbdefault\u00a0\u00bb phone_text_alignment=\u00a0\u00bbdefault\u00a0\u00bb column_border_width=\u00a0\u00bbnone\u00a0\u00bb column_border_style=\u00a0\u00bbsolid\u00a0\u00bb bg_image_animation=\u00a0\u00bbnone\u00a0\u00bb][vc_row_inner column_margin=\u00a0\u00bbdefault\u00a0\u00bb text_align=\u00a0\u00bbleft\u00a0\u00bb css=\u00a0\u00bb.vc_custom_1504187365562{margin-bottom: 2% !important;}\u00a0\u00bb][vc_column_inner column_padding=\u00a0\u00bbno-extra-padding\u00a0\u00bb column_padding_position=\u00a0\u00bball\u00a0\u00bb background_color=\u00a0\u00bb#f4f4f4&Prime; background_color_opacity=\u00a0\u00bb1&Prime; background_color_hover=\u00a0\u00bb#ffffff\u00a0\u00bb background_hover_color_opacity=\u00a0\u00bb1&Prime; column_shadow=\u00a0\u00bbnone\u00a0\u00bb column_border_radius=\u00a0\u00bb10px\u00a0\u00bb column_link_target=\u00a0\u00bb_self\u00a0\u00bb width=\u00a0\u00bb1\/3&Prime; tablet_width_inherit=\u00a0\u00bbdefault\u00a0\u00bb column_border_width=\u00a0\u00bbnone\u00a0\u00bb column_border_style=\u00a0\u00bbsolid\u00a0\u00bb bg_image_animation=\u00a0\u00bbfade-in\u00a0\u00bb enable_animation=\u00a0\u00bbtrue\u00a0\u00bb animation=\u00a0\u00bbfade-in-from-bottom\u00a0\u00bb][fancy_box box_style=\u00a0\u00bbcolor_box_hover\u00a0\u00bb icon_family=\u00a0\u00bbiconsmind\u00a0\u00bb image_url=\u00a0\u00bb205&Prime; color=\u00a0\u00bbaccent-color\u00a0\u00bb box_alignment=\u00a0\u00bbleft\u00a0\u00bb icon_iconsmind=\u00a0\u00bbiconsmind-Bell2&Prime; link_url=\u00a0\u00bb\/fr\/service\/systemes-d-alarme\/\u00a0\u00bb]\n<h4>Syst\u00e8mes d\u2019alarme<\/h4>\n<p class=\"p1\"><strong><span class=\"s1\">Protection compl\u00e8te de votre propri\u00e9t\u00e9<br \/>\n<\/span><\/strong>Que ce soit pour une maison priv\u00e9e ou une entreprise, nous vous proposons un syst\u00e8me de s\u00e9curit\u00e9 complet et personnalis\u00e9<\/p>\n[\/fancy_box][\/vc_column_inner][vc_column_inner column_padding=\u00a0\u00bbno-extra-padding\u00a0\u00bb column_padding_position=\u00a0\u00bball\u00a0\u00bb background_color=\u00a0\u00bb#f4f4f4&Prime; background_color_opacity=\u00a0\u00bb1&Prime; background_color_hover=\u00a0\u00bb#ffffff\u00a0\u00bb background_hover_color_opacity=\u00a0\u00bb1&Prime; column_shadow=\u00a0\u00bbnone\u00a0\u00bb column_border_radius=\u00a0\u00bb10px\u00a0\u00bb column_link_target=\u00a0\u00bb_self\u00a0\u00bb width=\u00a0\u00bb1\/3&Prime; tablet_width_inherit=\u00a0\u00bbdefault\u00a0\u00bb column_border_width=\u00a0\u00bbnone\u00a0\u00bb column_border_style=\u00a0\u00bbsolid\u00a0\u00bb bg_image_animation=\u00a0\u00bbfade-in\u00a0\u00bb enable_animation=\u00a0\u00bbtrue\u00a0\u00bb animation=\u00a0\u00bbgrow-in\u00a0\u00bb delay=\u00a0\u00bb250&Prime;][fancy_box box_style=\u00a0\u00bbcolor_box_hover\u00a0\u00bb icon_family=\u00a0\u00bbiconsmind\u00a0\u00bb image_url=\u00a0\u00bb211&Prime; color=\u00a0\u00bbaccent-color\u00a0\u00bb box_alignment=\u00a0\u00bbleft\u00a0\u00bb icon_iconsmind=\u00a0\u00bbiconsmind-Fire-Flame\u00a0\u00bb link_url=\u00a0\u00bb\/fr\/service\/systemes-d-alarme-incendie\/\u00a0\u00bb]\n<h4>Syst\u00e8mes de d\u00e9tection d\u2019incendie<\/h4>\n<p class=\"p1\"><strong><span class=\"s1\">Protection des personnes et des biens<br \/>\n<\/span><\/strong>D\u00e9tection pr\u00e9coce d&rsquo;un incendie et lutte rapide contre le feu<\/p>\n[\/fancy_box][\/vc_column_inner][vc_column_inner column_padding=\u00a0\u00bbno-extra-padding\u00a0\u00bb column_padding_position=\u00a0\u00bball\u00a0\u00bb background_color=\u00a0\u00bb#f4f4f4&Prime; background_color_opacity=\u00a0\u00bb1&Prime; background_color_hover=\u00a0\u00bb#ffffff\u00a0\u00bb background_hover_color_opacity=\u00a0\u00bb1&Prime; column_shadow=\u00a0\u00bbnone\u00a0\u00bb column_border_radius=\u00a0\u00bb10px\u00a0\u00bb column_link_target=\u00a0\u00bb_self\u00a0\u00bb width=\u00a0\u00bb1\/3&Prime; tablet_width_inherit=\u00a0\u00bbdefault\u00a0\u00bb column_border_width=\u00a0\u00bbnone\u00a0\u00bb column_border_style=\u00a0\u00bbsolid\u00a0\u00bb bg_image_animation=\u00a0\u00bbfade-in\u00a0\u00bb enable_animation=\u00a0\u00bbtrue\u00a0\u00bb animation=\u00a0\u00bbfade-in-from-bottom\u00a0\u00bb delay=\u00a0\u00bb500&Prime;][fancy_box box_style=\u00a0\u00bbcolor_box_hover\u00a0\u00bb icon_family=\u00a0\u00bbiconsmind\u00a0\u00bb image_url=\u00a0\u00bb226&Prime; color=\u00a0\u00bbaccent-color\u00a0\u00bb box_alignment=\u00a0\u00bbleft\u00a0\u00bb icon_iconsmind=\u00a0\u00bbiconsmind-Key\u00a0\u00bb link_url=\u00a0\u00bb\/fr\/service\/controle-d-acces\/\u00a0\u00bb]\n<h4>Contr\u00f4le d&rsquo;acc\u00e8s<\/h4>\n<p class=\"p1\"><strong><span class=\"s1\">Les syst\u00e8mes de contr\u00f4le d&rsquo;acc\u00e8s \u00ab Qui, quand, o\u00f9 \u00bb : la s\u00e9curit\u00e9 moderne des b\u00e2timents<br \/>\n<\/span><\/strong>Comptez sur un syst\u00e8me de contr\u00f4le d&rsquo;acc\u00e8s s\u00e9curis\u00e9, contr\u00f4l\u00e9 par un logiciel et adapt\u00e9 aux besoins de votre entreprise.<\/p>\n[\/fancy_box][\/vc_column_inner][\/vc_row_inner][vc_row_inner column_margin=\u00a0\u00bbdefault\u00a0\u00bb text_align=\u00a0\u00bbleft\u00a0\u00bb css=\u00a0\u00bb.vc_custom_1504187365562{margin-bottom: 2% !important;}\u00a0\u00bb][vc_column_inner column_padding=\u00a0\u00bbno-extra-padding\u00a0\u00bb column_padding_position=\u00a0\u00bball\u00a0\u00bb background_color=\u00a0\u00bb#f4f4f4&Prime; background_color_opacity=\u00a0\u00bb1&Prime; background_color_hover=\u00a0\u00bb#ffffff\u00a0\u00bb background_hover_color_opacity=\u00a0\u00bb1&Prime; column_shadow=\u00a0\u00bbnone\u00a0\u00bb column_border_radius=\u00a0\u00bb10px\u00a0\u00bb column_link_target=\u00a0\u00bb_self\u00a0\u00bb width=\u00a0\u00bb1\/3&Prime; tablet_width_inherit=\u00a0\u00bbdefault\u00a0\u00bb column_border_width=\u00a0\u00bbnone\u00a0\u00bb column_border_style=\u00a0\u00bbsolid\u00a0\u00bb bg_image_animation=\u00a0\u00bbfade-in\u00a0\u00bb enable_animation=\u00a0\u00bbtrue\u00a0\u00bb animation=\u00a0\u00bbfade-in-from-bottom\u00a0\u00bb delay=\u00a0\u00bb750&Prime;][fancy_box box_style=\u00a0\u00bbcolor_box_hover\u00a0\u00bb icon_family=\u00a0\u00bbiconsmind\u00a0\u00bb image_url=\u00a0\u00bb217&Prime; color=\u00a0\u00bbaccent-color\u00a0\u00bb box_alignment=\u00a0\u00bbleft\u00a0\u00bb icon_iconsmind=\u00a0\u00bbiconsmind-Security-Camera\u00a0\u00bb link_url=\u00a0\u00bb\/fr\/service\/videosurveillance\/\u00a0\u00bb]\n<h4>Vid\u00e9osurveillance<\/h4>\n<p class=\"p1\"><strong><span class=\"s1\">Gardez un \u0153il sur votre propri\u00e9t\u00e9.!<br \/>\n<\/span><\/strong>La vid\u00e9osurveillance prot\u00e8ge, pr\u00e9vient et aide \u00e0 r\u00e9soudre les d\u00e9lits.<\/p>\n[\/fancy_box][\/vc_column_inner][vc_column_inner column_padding=\u00a0\u00bbno-extra-padding\u00a0\u00bb column_padding_position=\u00a0\u00bball\u00a0\u00bb background_color=\u00a0\u00bb#f4f4f4&Prime; background_color_opacity=\u00a0\u00bb1&Prime; background_color_hover=\u00a0\u00bb#ffffff\u00a0\u00bb background_hover_color_opacity=\u00a0\u00bb1&Prime; column_shadow=\u00a0\u00bbnone\u00a0\u00bb column_border_radius=\u00a0\u00bb10px\u00a0\u00bb column_link_target=\u00a0\u00bb_self\u00a0\u00bb width=\u00a0\u00bb1\/3&Prime; tablet_width_inherit=\u00a0\u00bbdefault\u00a0\u00bb column_border_width=\u00a0\u00bbnone\u00a0\u00bb column_border_style=\u00a0\u00bbsolid\u00a0\u00bb bg_image_animation=\u00a0\u00bbfade-in\u00a0\u00bb enable_animation=\u00a0\u00bbtrue\u00a0\u00bb animation=\u00a0\u00bbfade-in-from-bottom\u00a0\u00bb delay=\u00a0\u00bb1000&Prime;][fancy_box box_style=\u00a0\u00bbcolor_box_hover\u00a0\u00bb icon_family=\u00a0\u00bbiconsmind\u00a0\u00bb image_url=\u00a0\u00bb231&Prime; color=\u00a0\u00bbaccent-color\u00a0\u00bb box_alignment=\u00a0\u00bbleft\u00a0\u00bb icon_iconsmind=\u00a0\u00bbiconsmind-Data-Network\u00a0\u00bb link_url=\u00a0\u00bb\/fr\/service\/fibre-optique-et-reseaux\/\u00a0\u00bb]\n<h4>Fibre optique<br \/>\net r\u00e9seaux<\/h4>\n<p class=\"p1\"><strong><span class=\"s1\">Parfaitement interconnect\u00e9 !<br \/>\n<\/span><\/strong><span class=\"s1\">Technologie de r\u00e9seau pour les particuliers et les entreprises. Conseil, planification et mise en \u0153uvre de votre r\u00e9seau. \u00c9pissage de c\u00e2bles \u00e0 fibres optiques.<\/span><\/p>\n[\/fancy_box][\/vc_column_inner][vc_column_inner column_padding=\u00a0\u00bbno-extra-padding\u00a0\u00bb column_padding_position=\u00a0\u00bball\u00a0\u00bb background_color=\u00a0\u00bb#f4f4f4&Prime; background_color_opacity=\u00a0\u00bb1&Prime; background_color_hover=\u00a0\u00bb#ffffff\u00a0\u00bb background_hover_color_opacity=\u00a0\u00bb1&Prime; column_shadow=\u00a0\u00bbnone\u00a0\u00bb column_border_radius=\u00a0\u00bb10px\u00a0\u00bb column_link_target=\u00a0\u00bb_self\u00a0\u00bb width=\u00a0\u00bb1\/3&Prime; tablet_width_inherit=\u00a0\u00bbdefault\u00a0\u00bb column_border_width=\u00a0\u00bbnone\u00a0\u00bb column_border_style=\u00a0\u00bbsolid\u00a0\u00bb bg_image_animation=\u00a0\u00bbfade-in\u00a0\u00bb enable_animation=\u00a0\u00bbtrue\u00a0\u00bb animation=\u00a0\u00bbfade-in-from-bottom\u00a0\u00bb delay=\u00a0\u00bb1250&Prime;][fancy_box box_style=\u00a0\u00bbcolor_box_hover\u00a0\u00bb icon_family=\u00a0\u00bbiconsmind\u00a0\u00bb image_url=\u00a0\u00bb228&Prime; color=\u00a0\u00bbextra-color-1&Prime; box_alignment=\u00a0\u00bbleft\u00a0\u00bb icon_iconsmind=\u00a0\u00bbiconsmind-Gears\u00a0\u00bb link_url=\u00a0\u00bb\/fr\/service\/installation-maintenance\/\u00a0\u00bb]\n<h4>Montage \/ Maintenance<\/h4>\n<p class=\"p1\"><strong><span class=\"s1\">Qu&rsquo;en est-il de la maintenance de votre \u00e9quipement ?<br \/>\n<\/span><\/strong><span class=\"s1\">Une maintenance r\u00e9guli\u00e8re permet de pr\u00e9venir les dysfonctionnements du syst\u00e8me.<\/span><\/p>\n[\/fancy_box][\/vc_column_inner][\/vc_row_inner][\/vc_column][\/vc_row][vc_row type=\u00a0\u00bbin_container\u00a0\u00bb full_screen_row_position=\u00a0\u00bbmiddle\u00a0\u00bb bg_image=\u00a0\u00bb157&Prime; bg_position=\u00a0\u00bbcenter bottom\u00a0\u00bb bg_repeat=\u00a0\u00bbno-repeat\u00a0\u00bb scene_position=\u00a0\u00bbcenter\u00a0\u00bb text_color=\u00a0\u00bblight\u00a0\u00bb text_align=\u00a0\u00bbleft\u00a0\u00bb color_overlay=\u00a0\u00bb#cd002b\u00a0\u00bb overlay_strength=\u00a0\u00bb0.8&Prime; enable_shape_divider=\u00a0\u00bbtrue\u00a0\u00bb shape_divider_color=\u00a0\u00bb#ffffff\u00a0\u00bb shape_divider_position=\u00a0\u00bbtop\u00a0\u00bb shape_divider_height=\u00a0\u00bb200&Prime; shape_divider_bring_to_front=\u00a0\u00bbtrue\u00a0\u00bb bg_image_animation=\u00a0\u00bbnone\u00a0\u00bb parallax_bg=\u00a0\u00bbtrue\u00a0\u00bb parallax_bg_speed=\u00a0\u00bbfixed\u00a0\u00bb shape_type=\u00a0\u00bbfan\u00a0\u00bb][vc_column centered_text=\u00a0\u00bbtrue\u00a0\u00bb column_padding=\u00a0\u00bbpadding-15-percent\u00a0\u00bb column_padding_position=\u00a0\u00bbleft-right\u00a0\u00bb background_color_opacity=\u00a0\u00bb1&Prime; background_hover_color_opacity=\u00a0\u00bb1&Prime; column_link_target=\u00a0\u00bb_self\u00a0\u00bb column_shadow=\u00a0\u00bbnone\u00a0\u00bb column_border_radius=\u00a0\u00bbnone\u00a0\u00bb width=\u00a0\u00bb1\/1&Prime; tablet_width_inherit=\u00a0\u00bbdefault\u00a0\u00bb tablet_text_alignment=\u00a0\u00bbdefault\u00a0\u00bb phone_text_alignment=\u00a0\u00bbdefault\u00a0\u00bb column_border_width=\u00a0\u00bbnone\u00a0\u00bb column_border_style=\u00a0\u00bbsolid\u00a0\u00bb bg_image_animation=\u00a0\u00bbnone\u00a0\u00bb][divider line_type=\u00a0\u00bbNo Line\u00a0\u00bb custom_height=\u00a0\u00bb150&Prime;][vc_column_text]\n<h4 class=\"p1\" style=\"text-align: center;\"><span class=\"s1\">Faites confiance \u00e0 notre exp\u00e9rience\u00a0!<\/span><\/h4>\n<p class=\"p2\" style=\"text-align: center;\"><span class=\"s1\">Nous essayons toujours de r\u00e9pondre \u00e0 toutes vos questions gr\u00e2ce \u00e0 nos pages d\u2019information. Si vous avez des questions, n&rsquo;h\u00e9sitez pas \u00e0 nous contacter par t\u00e9l\u00e9phone ou par e-mail\u00a0!<\/span><\/p>\n[\/vc_column_text][nectar_btn size=\u00a0\u00bbjumbo\u00a0\u00bb button_style=\u00a0\u00bbsee-through-2&Prime; hover_text_color_override=\u00a0\u00bb#ffffff\u00a0\u00bb icon_family=\u00a0\u00bbnone\u00a0\u00bb url=\u00a0\u00bbhttps:\/\/trisys.lu\/fr\/contact\/\u00a0\u00bb text=\u00a0\u00bbCONTACTEZ-NOUS\u00a0\u00bb css_animation=\u00a0\u00bbpulse\u00a0\u00bb][divider line_type=\u00a0\u00bbNo Line\u00a0\u00bb custom_height=\u00a0\u00bb50&Prime;][\/vc_column][\/vc_row]\n","protected":false},"excerpt":{"rendered":"<p>[vc_row type=\u00a0\u00bbfull_width_background\u00a0\u00bb full_screen_row_position=\u00a0\u00bbmiddle\u00a0\u00bb bg_image=\u00a0\u00bb157&Prime; bg_position=\u00a0\u00bbleft center\u00a0\u00bb bg_repeat=\u00a0\u00bbno-repeat\u00a0\u00bb scene_position=\u00a0\u00bbcenter\u00a0\u00bb video_bg=\u00a0\u00bbuse_video\u00a0\u00bb video_webm=\u00a0\u00bbhttps:\/\/trisys.lu\/video\/TRISYS-Your-security-is-our-passion.webm\u00a0\u00bb video_mp4=\u00a0\u00bbhttps:\/\/trisys.lu\/video\/TRISYS-Your-security-is-our-passion.mp4&Prime; video_image=\u00a0\u00bb157&Prime; text_color=\u00a0\u00bblight\u00a0\u00bb text_align=\u00a0\u00bbleft\u00a0\u00bb color_overlay=\u00a0\u00bb#000000&Prime; overlay_strength=\u00a0\u00bb0.5&Prime; enable_shape_divider=\u00a0\u00bbtrue\u00a0\u00bb shape_divider_color=\u00a0\u00bb#ffffff\u00a0\u00bb shape_divider_position=\u00a0\u00bbbottom\u00a0\u00bb shape_divider_height=\u00a0\u00bb200&Prime; shape_divider_bring_to_front=\u00a0\u00bbtrue\u00a0\u00bb bg_image_animation=\u00a0\u00bbnone\u00a0\u00bb shape_type=\u00a0\u00bbtilt_alt\u00a0\u00bb][vc_column column_padding=\u00a0\u00bbpadding-17-percent\u00a0\u00bb column_padding_position=\u00a0\u00bbtop-bottom\u00a0\u00bb background_color_opacity=\u00a0\u00bb1&Prime; background_hover_color_opacity=\u00a0\u00bb1&Prime; column_link_target=\u00a0\u00bb_self\u00a0\u00bb column_shadow=\u00a0\u00bbnone\u00a0\u00bb column_border_radius=\u00a0\u00bbnone\u00a0\u00bb&#8230;<\/p>\n","protected":false},"author":1,"featured_media":0,"parent":0,"menu_order":1,"comment_status":"closed","ping_status":"closed","template":"","meta":{"footnotes":""},"class_list":["post-357","page","type-page","status-publish"],"_links":{"self":[{"href":"https:\/\/www.trisys.lu\/fr\/wp-json\/wp\/v2\/pages\/357"}],"collection":[{"href":"https:\/\/www.trisys.lu\/fr\/wp-json\/wp\/v2\/pages"}],"about":[{"href":"https:\/\/www.trisys.lu\/fr\/wp-json\/wp\/v2\/types\/page"}],"author":[{"embeddable":true,"href":"https:\/\/www.trisys.lu\/fr\/wp-json\/wp\/v2\/users\/1"}],"replies":[{"embeddable":true,"href":"https:\/\/www.trisys.lu\/fr\/wp-json\/wp\/v2\/comments?post=357"}],"version-history":[{"count":20,"href":"https:\/\/www.trisys.lu\/fr\/wp-json\/wp\/v2\/pages\/357\/revisions"}],"predecessor-version":[{"id":528,"href":"https:\/\/www.trisys.lu\/fr\/wp-json\/wp\/v2\/pages\/357\/revisions\/528"}],"wp:attachment":[{"href":"https:\/\/www.trisys.lu\/fr\/wp-json\/wp\/v2\/media?parent=357"}],"curies":[{"name":"wp","href":"https:\/\/api.w.org\/{rel}","templated":true}]}}